{"id":453,"date":"2022-02-17T16:30:50","date_gmt":"2022-02-17T15:30:50","guid":{"rendered":"https:\/\/mcaalgasyderivados.es\/jardinage\/"},"modified":"2022-03-17T16:39:43","modified_gmt":"2022-03-17T15:39:43","slug":"jardinage","status":"publish","type":"page","link":"https:\/\/mcaalgasyderivados.es\/fr\/jardinage\/","title":{"rendered":"Jardinage"},"content":{"rendered":"\n<p>MCA Algas y Derivados S.L., entreprise leader dans la fabrication d&rsquo;extraits d&rsquo;algues pour l&rsquo;agriculture et l&rsquo;environnement, souhaite partager avec ses clients et amis les connaissances et l&rsquo;exp\u00e9rience acquises, en pr\u00e9sentant une s\u00e9lection de ses produits, en r\u00e9cipients de 0,5 L et 1 L, pour la nutrition de vos plantes de jardin.<br\/><br\/>Certifi\u00e9s pour une utilisation en agriculture biologique, ils sont pr\u00e9sent\u00e9s dans des emballages plus petits, adapt\u00e9s aux petites surfaces cultiv\u00e9es mais conservant la qualit\u00e9 et le respect de la nature qui nous caract\u00e9risent.<\/p>\n","protected":false},"excerpt":{"rendered":"<p>MCA Algas y Derivados S.L., entreprise leader dans la fabrication d&rsquo;extraits d&rsquo;algues pour l&rsquo;agriculture et l&rsquo;environnement, souhaite partager avec ses\u2026<\/p>\n","protected":false},"author":1,"featured_media":0,"parent":0,"menu_order":30,"comment_status":"closed","ping_status":"open","template":"page-jardineria.php","meta":{"footnotes":""},"class_list":["post-453","page","type-page","status-publish","hentry"],"yoast_head":"<!-- This site is optimized with the Yoast SEO plugin v26.8 - https:\/\/yoast.com\/product\/yoast-seo-wordpress\/ -->\n<title>Jardinage &#8212; MCA Algas y Derivados<\/title>\n<meta name=\"description\" content=\"Alimentez et nourrissez vos plantes de jardin avec des extraits d&#039;algues. Toute notre connaissance de l&#039;agriculture dans des produits pour votre jardin.\" \/>\n<meta name=\"robots\" content=\"index, follow, max-snippet:-1, max-image-preview:large, max-video-preview:-1\" \/>\n<link rel=\"canonical\" href=\"https:\/\/mcaalgasyderivados.es\/fr\/jardinage\/\" \/>\n<meta property=\"og:locale\" content=\"fr_FR\" \/>\n<meta property=\"og:type\" content=\"article\" \/>\n<meta property=\"og:title\" content=\"Jardinage &#8212; MCA Algas y Derivados\" \/>\n<meta property=\"og:description\" content=\"Alimentez et nourrissez vos plantes de jardin avec des extraits d&#039;algues. Toute notre connaissance de l&#039;agriculture dans des produits pour votre jardin.\" \/>\n<meta property=\"og:url\" content=\"https:\/\/mcaalgasyderivados.es\/fr\/jardinage\/\" \/>\n<meta property=\"og:site_name\" content=\"MCA Algas y Derivados\" \/>\n<meta property=\"article:publisher\" content=\"https:\/\/www.facebook.com\/MCAalgasyderivados\/\" \/>\n<meta property=\"article:modified_time\" content=\"2022-03-17T15:39:43+00:00\" \/>\n<meta property=\"og:image\" content=\"https:\/\/mcaalgasyderivados.es\/wp-content\/uploads\/2022\/03\/Imagen-para-compartir-MCA-Algas-1.jpg\" \/>\n\t<meta property=\"og:image:width\" content=\"1201\" \/>\n\t<meta property=\"og:image:height\" content=\"629\" \/>\n\t<meta property=\"og:image:type\" content=\"image\/jpeg\" \/>\n<meta name=\"twitter:card\" content=\"summary_large_image\" \/>\n<meta name=\"twitter:site\" content=\"@mcasocialweb\" \/>\n<script type=\"application\/ld+json\" class=\"yoast-schema-graph\">{\"@context\":\"https:\/\/schema.org\",\"@graph\":[{\"@type\":\"WebPage\",\"@id\":\"https:\/\/mcaalgasyderivados.es\/fr\/jardinage\/\",\"url\":\"https:\/\/mcaalgasyderivados.es\/fr\/jardinage\/\",\"name\":\"Jardinage &#8212; MCA Algas y Derivados\",\"isPartOf\":{\"@id\":\"https:\/\/mcaalgasyderivados.es\/fr\/#website\"},\"datePublished\":\"2022-02-17T15:30:50+00:00\",\"dateModified\":\"2022-03-17T15:39:43+00:00\",\"description\":\"Alimentez et nourrissez vos plantes de jardin avec des extraits d'algues. Toute notre connaissance de l'agriculture dans des produits pour votre jardin.\",\"breadcrumb\":{\"@id\":\"https:\/\/mcaalgasyderivados.es\/fr\/jardinage\/#breadcrumb\"},\"inLanguage\":\"fr-FR\",\"potentialAction\":[{\"@type\":\"ReadAction\",\"target\":[\"https:\/\/mcaalgasyderivados.es\/fr\/jardinage\/\"]}]},{\"@type\":\"BreadcrumbList\",\"@id\":\"https:\/\/mcaalgasyderivados.es\/fr\/jardinage\/#breadcrumb\",\"itemListElement\":[{\"@type\":\"ListItem\",\"position\":1,\"name\":\"Page d'accueil\",\"item\":\"https:\/\/mcaalgasyderivados.es\/fr\/\"},{\"@type\":\"ListItem\",\"position\":2,\"name\":\"Jardinage\"}]},{\"@type\":\"WebSite\",\"@id\":\"https:\/\/mcaalgasyderivados.es\/fr\/#website\",\"url\":\"https:\/\/mcaalgasyderivados.es\/fr\/\",\"name\":\"MCA Algas y Derivados\",\"description\":\"Mantiene e incrementa la fertilidad del suelo de una forma sostenible\",\"publisher\":{\"@id\":\"https:\/\/mcaalgasyderivados.es\/fr\/#organization\"},\"potentialAction\":[{\"@type\":\"SearchAction\",\"target\":{\"@type\":\"EntryPoint\",\"urlTemplate\":\"https:\/\/mcaalgasyderivados.es\/fr\/?s={search_term_string}\"},\"query-input\":{\"@type\":\"PropertyValueSpecification\",\"valueRequired\":true,\"valueName\":\"search_term_string\"}}],\"inLanguage\":\"fr-FR\"},{\"@type\":\"Organization\",\"@id\":\"https:\/\/mcaalgasyderivados.es\/fr\/#organization\",\"name\":\"MCA Algas y Derivados\",\"url\":\"https:\/\/mcaalgasyderivados.es\/fr\/\",\"logo\":{\"@type\":\"ImageObject\",\"inLanguage\":\"fr-FR\",\"@id\":\"https:\/\/mcaalgasyderivados.es\/fr\/#\/schema\/logo\/image\/\",\"url\":\"https:\/\/mcaalgasyderivados.es\/wp-content\/uploads\/2022\/03\/Imagen-para-compartir-MCA-Algas-1.jpg\",\"contentUrl\":\"https:\/\/mcaalgasyderivados.es\/wp-content\/uploads\/2022\/03\/Imagen-para-compartir-MCA-Algas-1.jpg\",\"width\":1201,\"height\":629,\"caption\":\"MCA Algas y Derivados\"},\"image\":{\"@id\":\"https:\/\/mcaalgasyderivados.es\/fr\/#\/schema\/logo\/image\/\"},\"sameAs\":[\"https:\/\/www.facebook.com\/MCAalgasyderivados\/\",\"https:\/\/x.com\/mcasocialweb\",\"https:\/\/www.instagram.com\/mcaalgasyderivados\/?hl=es\",\"https:\/\/www.linkedin.com\/company\/mca-algas-y-derivados\/\"]}]}<\/script>\n<!-- \/ Yoast SEO plugin. -->","yoast_head_json":{"title":"Jardinage &#8212; MCA Algas y Derivados","description":"Alimentez et nourrissez vos plantes de jardin avec des extraits d'algues. Toute notre connaissance de l'agriculture dans des produits pour votre jardin.","robots":{"index":"index","follow":"follow","max-snippet":"max-snippet:-1","max-image-preview":"max-image-preview:large","max-video-preview":"max-video-preview:-1"},"canonical":"https:\/\/mcaalgasyderivados.es\/fr\/jardinage\/","og_locale":"fr_FR","og_type":"article","og_title":"Jardinage &#8212; MCA Algas y Derivados","og_description":"Alimentez et nourrissez vos plantes de jardin avec des extraits d'algues. Toute notre connaissance de l'agriculture dans des produits pour votre jardin.","og_url":"https:\/\/mcaalgasyderivados.es\/fr\/jardinage\/","og_site_name":"MCA Algas y Derivados","article_publisher":"https:\/\/www.facebook.com\/MCAalgasyderivados\/","article_modified_time":"2022-03-17T15:39:43+00:00","og_image":[{"width":1201,"height":629,"url":"https:\/\/mcaalgasyderivados.es\/wp-content\/uploads\/2022\/03\/Imagen-para-compartir-MCA-Algas-1.jpg","type":"image\/jpeg"}],"twitter_card":"summary_large_image","twitter_site":"@mcasocialweb","schema":{"@context":"https:\/\/schema.org","@graph":[{"@type":"WebPage","@id":"https:\/\/mcaalgasyderivados.es\/fr\/jardinage\/","url":"https:\/\/mcaalgasyderivados.es\/fr\/jardinage\/","name":"Jardinage &#8212; MCA Algas y Derivados","isPartOf":{"@id":"https:\/\/mcaalgasyderivados.es\/fr\/#website"},"datePublished":"2022-02-17T15:30:50+00:00","dateModified":"2022-03-17T15:39:43+00:00","description":"Alimentez et nourrissez vos plantes de jardin avec des extraits d'algues. Toute notre connaissance de l'agriculture dans des produits pour votre jardin.","breadcrumb":{"@id":"https:\/\/mcaalgasyderivados.es\/fr\/jardinage\/#breadcrumb"},"inLanguage":"fr-FR","potentialAction":[{"@type":"ReadAction","target":["https:\/\/mcaalgasyderivados.es\/fr\/jardinage\/"]}]},{"@type":"BreadcrumbList","@id":"https:\/\/mcaalgasyderivados.es\/fr\/jardinage\/#breadcrumb","itemListElement":[{"@type":"ListItem","position":1,"name":"Page d'accueil","item":"https:\/\/mcaalgasyderivados.es\/fr\/"},{"@type":"ListItem","position":2,"name":"Jardinage"}]},{"@type":"WebSite","@id":"https:\/\/mcaalgasyderivados.es\/fr\/#website","url":"https:\/\/mcaalgasyderivados.es\/fr\/","name":"MCA Algas y Derivados","description":"Mantiene e incrementa la fertilidad del suelo de una forma sostenible","publisher":{"@id":"https:\/\/mcaalgasyderivados.es\/fr\/#organization"},"potentialAction":[{"@type":"SearchAction","target":{"@type":"EntryPoint","urlTemplate":"https:\/\/mcaalgasyderivados.es\/fr\/?s={search_term_string}"},"query-input":{"@type":"PropertyValueSpecification","valueRequired":true,"valueName":"search_term_string"}}],"inLanguage":"fr-FR"},{"@type":"Organization","@id":"https:\/\/mcaalgasyderivados.es\/fr\/#organization","name":"MCA Algas y Derivados","url":"https:\/\/mcaalgasyderivados.es\/fr\/","logo":{"@type":"ImageObject","inLanguage":"fr-FR","@id":"https:\/\/mcaalgasyderivados.es\/fr\/#\/schema\/logo\/image\/","url":"https:\/\/mcaalgasyderivados.es\/wp-content\/uploads\/2022\/03\/Imagen-para-compartir-MCA-Algas-1.jpg","contentUrl":"https:\/\/mcaalgasyderivados.es\/wp-content\/uploads\/2022\/03\/Imagen-para-compartir-MCA-Algas-1.jpg","width":1201,"height":629,"caption":"MCA Algas y Derivados"},"image":{"@id":"https:\/\/mcaalgasyderivados.es\/fr\/#\/schema\/logo\/image\/"},"sameAs":["https:\/\/www.facebook.com\/MCAalgasyderivados\/","https:\/\/x.com\/mcasocialweb","https:\/\/www.instagram.com\/mcaalgasyderivados\/?hl=es","https:\/\/www.linkedin.com\/company\/mca-algas-y-derivados\/"]}]}},"_links":{"self":[{"href":"https:\/\/mcaalgasyderivados.es\/fr\/wp-json\/wp\/v2\/pages\/453","targetHints":{"allow":["GET"]}}],"collection":[{"href":"https:\/\/mcaalgasyderivados.es\/fr\/wp-json\/wp\/v2\/pages"}],"about":[{"href":"https:\/\/mcaalgasyderivados.es\/fr\/wp-json\/wp\/v2\/types\/page"}],"author":[{"embeddable":true,"href":"https:\/\/mcaalgasyderivados.es\/fr\/wp-json\/wp\/v2\/users\/1"}],"replies":[{"embeddable":true,"href":"https:\/\/mcaalgasyderivados.es\/fr\/wp-json\/wp\/v2\/comments?post=453"}],"version-history":[{"count":1,"href":"https:\/\/mcaalgasyderivados.es\/fr\/wp-json\/wp\/v2\/pages\/453\/revisions"}],"predecessor-version":[{"id":454,"href":"https:\/\/mcaalgasyderivados.es\/fr\/wp-json\/wp\/v2\/pages\/453\/revisions\/454"}],"wp:attachment":[{"href":"https:\/\/mcaalgasyderivados.es\/fr\/wp-json\/wp\/v2\/media?parent=453"}],"curies":[{"name":"wp","href":"https:\/\/api.w.org\/{rel}","templated":true}]}}