{"id":426,"date":"2022-02-17T16:33:47","date_gmt":"2022-02-17T15:33:47","guid":{"rendered":"https:\/\/mcaalgasyderivados.es\/politique-en-matiere-de-cookies\/"},"modified":"2022-03-17T14:09:01","modified_gmt":"2022-03-17T13:09:01","slug":"politique-en-matiere-de-cookies","status":"publish","type":"page","link":"https:\/\/mcaalgasyderivados.es\/fr\/politique-en-matiere-de-cookies\/","title":{"rendered":"Politique en mati\u00e8re de cookies"},"content":{"rendered":"R\u00e9gion EU non activ\u00e9e pour cookie-statement.\n","protected":false},"excerpt":{"rendered":"","protected":false},"author":1,"featured_media":0,"parent":0,"menu_order":99,"comment_status":"closed","ping_status":"closed","template":"","meta":{"footnotes":""},"class_list":["post-426","page","type-page","status-publish","hentry"],"yoast_head":"<!-- This site is optimized with the Yoast SEO plugin v26.8 - https:\/\/yoast.com\/product\/yoast-seo-wordpress\/ -->\n<title>Politique en mati\u00e8re de cookies &#8212; MCA Algas y Derivados<\/title>\n<meta name=\"description\" content=\"Consultez la politique en mati\u00e8re de cookies sur notre site web. Si vous avez des questions, veuillez nous contacter et nous envoyer votre requ\u00eate. Nous vous r\u00e9pondrons dans les plus brefs d\u00e9lais.\" \/>\n<meta name=\"robots\" content=\"noindex, nofollow\" \/>\n<meta property=\"og:locale\" content=\"fr_FR\" \/>\n<meta property=\"og:type\" content=\"article\" \/>\n<meta property=\"og:title\" content=\"Politique en mati\u00e8re de cookies &#8212; MCA Algas y Derivados\" \/>\n<meta property=\"og:description\" content=\"Consultez la politique en mati\u00e8re de cookies sur notre site web. Si vous avez des questions, veuillez nous contacter et nous envoyer votre requ\u00eate. Nous vous r\u00e9pondrons dans les plus brefs d\u00e9lais.\" \/>\n<meta property=\"og:url\" content=\"https:\/\/mcaalgasyderivados.es\/fr\/politique-en-matiere-de-cookies\/\" \/>\n<meta property=\"og:site_name\" content=\"MCA Algas y Derivados\" \/>\n<meta property=\"article:publisher\" content=\"https:\/\/www.facebook.com\/MCAalgasyderivados\/\" \/>\n<meta property=\"article:modified_time\" content=\"2022-03-17T13:09:01+00:00\" \/>\n<meta property=\"og:image\" content=\"https:\/\/mcaalgasyderivados.es\/wp-content\/uploads\/2022\/03\/Imagen-para-compartir-MCA-Algas-1.jpg\" \/>\n\t<meta property=\"og:image:width\" content=\"1201\" \/>\n\t<meta property=\"og:image:height\" content=\"629\" \/>\n\t<meta property=\"og:image:type\" content=\"image\/jpeg\" \/>\n<meta name=\"twitter:card\" content=\"summary_large_image\" \/>\n<meta name=\"twitter:site\" content=\"@mcasocialweb\" \/>\n<script type=\"application\/ld+json\" class=\"yoast-schema-graph\">{\"@context\":\"https:\/\/schema.org\",\"@graph\":[{\"@type\":\"WebPage\",\"@id\":\"https:\/\/mcaalgasyderivados.es\/fr\/politique-en-matiere-de-cookies\/\",\"url\":\"https:\/\/mcaalgasyderivados.es\/fr\/politique-en-matiere-de-cookies\/\",\"name\":\"Politique en mati\u00e8re de cookies &#8212; MCA Algas y Derivados\",\"isPartOf\":{\"@id\":\"https:\/\/mcaalgasyderivados.es\/fr\/#website\"},\"datePublished\":\"2022-02-17T15:33:47+00:00\",\"dateModified\":\"2022-03-17T13:09:01+00:00\",\"description\":\"Consultez la politique en mati\u00e8re de cookies sur notre site web. Si vous avez des questions, veuillez nous contacter et nous envoyer votre requ\u00eate. Nous vous r\u00e9pondrons dans les plus brefs d\u00e9lais.\",\"breadcrumb\":{\"@id\":\"https:\/\/mcaalgasyderivados.es\/fr\/politique-en-matiere-de-cookies\/#breadcrumb\"},\"inLanguage\":\"fr-FR\",\"potentialAction\":[{\"@type\":\"ReadAction\",\"target\":[\"https:\/\/mcaalgasyderivados.es\/fr\/politique-en-matiere-de-cookies\/\"]}]},{\"@type\":\"BreadcrumbList\",\"@id\":\"https:\/\/mcaalgasyderivados.es\/fr\/politique-en-matiere-de-cookies\/#breadcrumb\",\"itemListElement\":[{\"@type\":\"ListItem\",\"position\":1,\"name\":\"Page d'accueil\",\"item\":\"https:\/\/mcaalgasyderivados.es\/fr\/\"},{\"@type\":\"ListItem\",\"position\":2,\"name\":\"Politique en mati\u00e8re de cookies\"}]},{\"@type\":\"WebSite\",\"@id\":\"https:\/\/mcaalgasyderivados.es\/fr\/#website\",\"url\":\"https:\/\/mcaalgasyderivados.es\/fr\/\",\"name\":\"MCA Algas y Derivados\",\"description\":\"Mantiene e incrementa la fertilidad del suelo de una forma sostenible\",\"publisher\":{\"@id\":\"https:\/\/mcaalgasyderivados.es\/fr\/#organization\"},\"potentialAction\":[{\"@type\":\"SearchAction\",\"target\":{\"@type\":\"EntryPoint\",\"urlTemplate\":\"https:\/\/mcaalgasyderivados.es\/fr\/?s={search_term_string}\"},\"query-input\":{\"@type\":\"PropertyValueSpecification\",\"valueRequired\":true,\"valueName\":\"search_term_string\"}}],\"inLanguage\":\"fr-FR\"},{\"@type\":\"Organization\",\"@id\":\"https:\/\/mcaalgasyderivados.es\/fr\/#organization\",\"name\":\"MCA Algas y Derivados\",\"url\":\"https:\/\/mcaalgasyderivados.es\/fr\/\",\"logo\":{\"@type\":\"ImageObject\",\"inLanguage\":\"fr-FR\",\"@id\":\"https:\/\/mcaalgasyderivados.es\/fr\/#\/schema\/logo\/image\/\",\"url\":\"https:\/\/mcaalgasyderivados.es\/wp-content\/uploads\/2022\/03\/Imagen-para-compartir-MCA-Algas-1.jpg\",\"contentUrl\":\"https:\/\/mcaalgasyderivados.es\/wp-content\/uploads\/2022\/03\/Imagen-para-compartir-MCA-Algas-1.jpg\",\"width\":1201,\"height\":629,\"caption\":\"MCA Algas y Derivados\"},\"image\":{\"@id\":\"https:\/\/mcaalgasyderivados.es\/fr\/#\/schema\/logo\/image\/\"},\"sameAs\":[\"https:\/\/www.facebook.com\/MCAalgasyderivados\/\",\"https:\/\/x.com\/mcasocialweb\",\"https:\/\/www.instagram.com\/mcaalgasyderivados\/?hl=es\",\"https:\/\/www.linkedin.com\/company\/mca-algas-y-derivados\/\"]}]}<\/script>\n<!-- \/ Yoast SEO plugin. -->","yoast_head_json":{"title":"Politique en mati\u00e8re de cookies &#8212; MCA Algas y Derivados","description":"Consultez la politique en mati\u00e8re de cookies sur notre site web. Si vous avez des questions, veuillez nous contacter et nous envoyer votre requ\u00eate. Nous vous r\u00e9pondrons dans les plus brefs d\u00e9lais.","robots":{"index":"noindex","follow":"nofollow"},"og_locale":"fr_FR","og_type":"article","og_title":"Politique en mati\u00e8re de cookies &#8212; MCA Algas y Derivados","og_description":"Consultez la politique en mati\u00e8re de cookies sur notre site web. Si vous avez des questions, veuillez nous contacter et nous envoyer votre requ\u00eate. Nous vous r\u00e9pondrons dans les plus brefs d\u00e9lais.","og_url":"https:\/\/mcaalgasyderivados.es\/fr\/politique-en-matiere-de-cookies\/","og_site_name":"MCA Algas y Derivados","article_publisher":"https:\/\/www.facebook.com\/MCAalgasyderivados\/","article_modified_time":"2022-03-17T13:09:01+00:00","og_image":[{"width":1201,"height":629,"url":"https:\/\/mcaalgasyderivados.es\/wp-content\/uploads\/2022\/03\/Imagen-para-compartir-MCA-Algas-1.jpg","type":"image\/jpeg"}],"twitter_card":"summary_large_image","twitter_site":"@mcasocialweb","schema":{"@context":"https:\/\/schema.org","@graph":[{"@type":"WebPage","@id":"https:\/\/mcaalgasyderivados.es\/fr\/politique-en-matiere-de-cookies\/","url":"https:\/\/mcaalgasyderivados.es\/fr\/politique-en-matiere-de-cookies\/","name":"Politique en mati\u00e8re de cookies &#8212; MCA Algas y Derivados","isPartOf":{"@id":"https:\/\/mcaalgasyderivados.es\/fr\/#website"},"datePublished":"2022-02-17T15:33:47+00:00","dateModified":"2022-03-17T13:09:01+00:00","description":"Consultez la politique en mati\u00e8re de cookies sur notre site web. Si vous avez des questions, veuillez nous contacter et nous envoyer votre requ\u00eate. Nous vous r\u00e9pondrons dans les plus brefs d\u00e9lais.","breadcrumb":{"@id":"https:\/\/mcaalgasyderivados.es\/fr\/politique-en-matiere-de-cookies\/#breadcrumb"},"inLanguage":"fr-FR","potentialAction":[{"@type":"ReadAction","target":["https:\/\/mcaalgasyderivados.es\/fr\/politique-en-matiere-de-cookies\/"]}]},{"@type":"BreadcrumbList","@id":"https:\/\/mcaalgasyderivados.es\/fr\/politique-en-matiere-de-cookies\/#breadcrumb","itemListElement":[{"@type":"ListItem","position":1,"name":"Page d'accueil","item":"https:\/\/mcaalgasyderivados.es\/fr\/"},{"@type":"ListItem","position":2,"name":"Politique en mati\u00e8re de cookies"}]},{"@type":"WebSite","@id":"https:\/\/mcaalgasyderivados.es\/fr\/#website","url":"https:\/\/mcaalgasyderivados.es\/fr\/","name":"MCA Algas y Derivados","description":"Mantiene e incrementa la fertilidad del suelo de una forma sostenible","publisher":{"@id":"https:\/\/mcaalgasyderivados.es\/fr\/#organization"},"potentialAction":[{"@type":"SearchAction","target":{"@type":"EntryPoint","urlTemplate":"https:\/\/mcaalgasyderivados.es\/fr\/?s={search_term_string}"},"query-input":{"@type":"PropertyValueSpecification","valueRequired":true,"valueName":"search_term_string"}}],"inLanguage":"fr-FR"},{"@type":"Organization","@id":"https:\/\/mcaalgasyderivados.es\/fr\/#organization","name":"MCA Algas y Derivados","url":"https:\/\/mcaalgasyderivados.es\/fr\/","logo":{"@type":"ImageObject","inLanguage":"fr-FR","@id":"https:\/\/mcaalgasyderivados.es\/fr\/#\/schema\/logo\/image\/","url":"https:\/\/mcaalgasyderivados.es\/wp-content\/uploads\/2022\/03\/Imagen-para-compartir-MCA-Algas-1.jpg","contentUrl":"https:\/\/mcaalgasyderivados.es\/wp-content\/uploads\/2022\/03\/Imagen-para-compartir-MCA-Algas-1.jpg","width":1201,"height":629,"caption":"MCA Algas y Derivados"},"image":{"@id":"https:\/\/mcaalgasyderivados.es\/fr\/#\/schema\/logo\/image\/"},"sameAs":["https:\/\/www.facebook.com\/MCAalgasyderivados\/","https:\/\/x.com\/mcasocialweb","https:\/\/www.instagram.com\/mcaalgasyderivados\/?hl=es","https:\/\/www.linkedin.com\/company\/mca-algas-y-derivados\/"]}]}},"_links":{"self":[{"href":"https:\/\/mcaalgasyderivados.es\/fr\/wp-json\/wp\/v2\/pages\/426","targetHints":{"allow":["GET"]}}],"collection":[{"href":"https:\/\/mcaalgasyderivados.es\/fr\/wp-json\/wp\/v2\/pages"}],"about":[{"href":"https:\/\/mcaalgasyderivados.es\/fr\/wp-json\/wp\/v2\/types\/page"}],"author":[{"embeddable":true,"href":"https:\/\/mcaalgasyderivados.es\/fr\/wp-json\/wp\/v2\/users\/1"}],"replies":[{"embeddable":true,"href":"https:\/\/mcaalgasyderivados.es\/fr\/wp-json\/wp\/v2\/comments?post=426"}],"version-history":[{"count":1,"href":"https:\/\/mcaalgasyderivados.es\/fr\/wp-json\/wp\/v2\/pages\/426\/revisions"}],"predecessor-version":[{"id":427,"href":"https:\/\/mcaalgasyderivados.es\/fr\/wp-json\/wp\/v2\/pages\/426\/revisions\/427"}],"wp:attachment":[{"href":"https:\/\/mcaalgasyderivados.es\/fr\/wp-json\/wp\/v2\/media?parent=426"}],"curies":[{"name":"wp","href":"https:\/\/api.w.org\/{rel}","templated":true}]}}