{"id":422,"date":"2022-02-17T16:33:12","date_gmt":"2022-02-17T15:33:12","guid":{"rendered":"https:\/\/mcaalgasyderivados.es\/avis-juridique-et-politique-de-confidentialite\/"},"modified":"2022-03-18T12:43:34","modified_gmt":"2022-03-18T11:43:34","slug":"avis-juridique-et-politique-de-confidentialite","status":"publish","type":"page","link":"https:\/\/mcaalgasyderivados.es\/fr\/avis-juridique-et-politique-de-confidentialite\/","title":{"rendered":"Avis juridique et politique de confidentialit\u00e9"},"content":{"rendered":"\n<h2 class=\"wp-block-heading\"><strong>1. DONN\u00c9ES D&rsquo;IDENTIFICATION<\/strong><\/h2>\n\n<p>Conform\u00e9ment \u00e0 l&rsquo;obligation d&rsquo;information contenue dans l&rsquo;article 10 de la loi 34\/2002, du 11 juillet, sur les services de la soci\u00e9t\u00e9 de l&rsquo;information et le commerce \u00e9lectronique, les informations suivantes sont refl\u00e9t\u00e9es ci-dessous : la soci\u00e9t\u00e9 propri\u00e9taire de <a href=\"https:\/\/mcaalgasyderivados.es\/fr\/\">mcaalgasyderivados.es est MCA ALGAS Y DERIVADOS S.L. (ci-apr\u00e8s d\u00e9nomm\u00e9e MCA ALGAS Y DERIVADOS S.L.), dont le si\u00e8ge social \u00e0 ces fins se trouve Calle R\u00edo Guadalfeo, 1, 18600 Puntal\u00f3n, (Grenade) num\u00e9ro d&rsquo;identification fiscale : B18544452.<\/a> Inscrit au Registre du Commerce de Grenade, Volume 916, Livre : 0, Folio : 64, section : 8, Page : GR 17185. <a href=\"mailto:info@mcaalgasyderivados.es\">Courriel de contact: info@mcaalgasyderivados.es.<\/a><\/p>\n\n<h2 class=\"wp-block-heading\"><strong>2. UTILISATEURS<\/strong><\/h2>\n\n<p>L&rsquo;acc\u00e8s et\/ou l&rsquo;utilisation de ce portail de MCA ALGAS Y DERIVADOS S.L. conf\u00e8re la condition d&rsquo;UTILISATEUR, qui accepte, \u00e0 partir dudit acc\u00e8s et\/ou utilisation, les Conditions G\u00e9n\u00e9rales d&rsquo;Utilisation refl\u00e9t\u00e9es ici. Les conditions susmentionn\u00e9es s&rsquo;appliquent ind\u00e9pendamment des conditions g\u00e9n\u00e9rales de vente qui peuvent \u00eatre obligatoires.<\/p>\n\n<h2 class=\"wp-block-heading\"><strong>3. UTILISATION DU PORTAIL<\/strong><\/h2>\n\n<p>MCA ALGAS Y DERIVADOS S.L. fournit l&rsquo;acc\u00e8s \u00e0 une multitude d&rsquo;informations, de services, de programmes ou de donn\u00e9es (ci-apr\u00e8s, \u00a0\u00bb les contenus \u00ab\u00a0) sur Internet appartenant \u00e0 MCA ALGAS Y DERIVADOS S.L. ou \u00e0 ses conc\u00e9dants, auxquels l&rsquo;UTILISATEUR peut avoir acc\u00e8s. L&rsquo;UTILISATEUR assume la responsabilit\u00e9 de l&rsquo;utilisation du portail. Cette responsabilit\u00e9 s&rsquo;\u00e9tend \u00e0 tout enregistrement qui pourrait \u00eatre n\u00e9cessaire pour acc\u00e9der \u00e0 certains services ou contenus. L&rsquo;UTILISATEUR est responsable de la fourniture d&rsquo;informations v\u00e9ridiques et l\u00e9gales lors de son inscription. En cons\u00e9quence de cet enregistrement, l&rsquo;UTILISATEUR pourra recevoir un mot de passe dont il sera responsable, s&rsquo;engageant \u00e0 l&rsquo;utiliser de mani\u00e8re diligente et confidentielle. L&rsquo;UTILISATEUR s&rsquo;engage \u00e0 faire un usage appropri\u00e9 des contenus et services (tels que les services de chat, les forums de discussion ou les groupes de discussion) que MCA ALGAS Y DERIVADOS S.L. offre \u00e0 travers son portail et, \u00e0 titre d&rsquo;exemple non limitatif, \u00e0 ne pas les utiliser pour (i) se livrer \u00e0 des activit\u00e9s illicites, ill\u00e9gales ou contraires \u00e0 la bonne foi et \u00e0 l&rsquo;ordre public ; (ii) diffuser des contenus ou de la propagande \u00e0 caract\u00e8re raciste, x\u00e9nophobe, pornographique-ill\u00e9gal, antiterroriste ou concernant les droits de l&rsquo;homme; (iii) causer des dommages aux syst\u00e8mes physiques et logiques de MCA ALGAS Y DERIVADOS S.L., de ses fournisseurs ou de tiers, introduire ou diffuser des virus informatiques ou tout autre syst\u00e8me physique ou logique susceptible de causer les dommages susmentionn\u00e9s; (iv) tenter d&rsquo;acc\u00e9der et, le cas \u00e9ch\u00e9ant, d&rsquo;utiliser les comptes de courrier \u00e9lectronique d&rsquo;autres utilisateurs et modifier ou alt\u00e9rer leurs messages. MCA ALGAS Y DERIVADOS S.L. se r\u00e9serve le droit de supprimer tous les commentaires et contributions qui violent le respect de la dignit\u00e9 de la personne, qui sont discriminatoires, x\u00e9nophobes, racistes, pornographiques, qui menacent la jeunesse ou l&rsquo;enfance, l&rsquo;ordre ou la s\u00e9curit\u00e9 publique ou qui, \u00e0 son avis, ne sont pas appropri\u00e9s pour \u00eatre publi\u00e9s. Dans tous les cas, MCA ALGAS Y DERIVADOS S.L. ne sera pas responsable des opinions exprim\u00e9es par les utilisateurs dans les forums, chats ou autres outils de participation.<\/p>\n\n<h2 class=\"wp-block-heading\"><strong>4. PROTECTION DES DONN\u00c9ES<\/strong><\/h2>\n\n<p>MCA ALGAS Y DERIVADOS S.L. respecte les directives de la loi organique 15\/1999 du 13 d\u00e9cembre 1999 relative \u00e0 la protection des donn\u00e9es \u00e0 caract\u00e8re personnel, du d\u00e9cret royal 1720\/2007 du 21 d\u00e9cembre 2007 portant approbation du r\u00e8glement d&rsquo;application de la loi organique et des autres r\u00e9glementations en vigueur \u00e0 tout moment, et assure l&rsquo;utilisation et le traitement corrects des donn\u00e9es personnelles de l&rsquo;utilisateur. \u00c0 cet effet, avec chaque formulaire de collecte de donn\u00e9es personnelles, dans les services que l&rsquo;utilisateur peut demander \u00e0 MCA ALGAS Y DERIVADOS S.L. S.L., informera l&rsquo;utilisateur de l&rsquo;existence et de l&rsquo;acceptation des conditions particuli\u00e8res du traitement de ses donn\u00e9es dans chaque cas, en l&rsquo;informant de la responsabilit\u00e9 du fichier cr\u00e9\u00e9, de l&rsquo;adresse du responsable, de la possibilit\u00e9 d&rsquo;exercer ses droits d&rsquo;acc\u00e8s, de rectification, d&rsquo;annulation ou d&rsquo;opposition, de la finalit\u00e9 du traitement et de la communication des donn\u00e9es \u00e0 des tiers le cas \u00e9ch\u00e9ant. De m\u00eame, MCA ALGAS Y DERIVADOS S.L. vous informe qu&rsquo;elle respecte la loi 34\/2002, du 11 juillet, sur les services de la soci\u00e9t\u00e9 de l&rsquo;information et le commerce \u00e9lectronique et vous demandera \u00e0 tout moment votre consentement pour le traitement de votre courrier \u00e9lectronique \u00e0 des fins commerciales.<\/p>\n\n<h2 class=\"wp-block-heading\"><strong>5. PROPRI\u00c9T\u00c9 INTELLECTUELLE ET INDUSTRIELLE<\/strong><\/h2>\n\n<p>MCA ALGAS Y DERIVADOS S.L., elle-m\u00eame ou en tant que cessionnaire, est propri\u00e9taire de tous les droits de propri\u00e9t\u00e9 intellectuelle et industrielle de sa page web, ainsi que des \u00e9l\u00e9ments contenus dans celle-ci (y compris, mais sans s&rsquo;y limiter, les images, les sons, les audios, les vid\u00e9os, les logiciels ou les textes ; les marques ou les logos, les combinaisons de couleurs, la structure et le design, la s\u00e9lection des mat\u00e9riaux utilis\u00e9s, les programmes informatiques n\u00e9cessaires pour son fonctionnement, son acc\u00e8s et son utilisation, etc. Tous droits r\u00e9serv\u00e9s. En vertu des dispositions des articles 8 et 32.1, deuxi\u00e8me alin\u00e9a, de la loi sur la propri\u00e9t\u00e9 intellectuelle, la reproduction, la distribution et la communication publique, y compris la mise \u00e0 disposition, de tout ou partie du contenu de ce site web, \u00e0 des fins commerciales, sur tout support et par tout moyen technique, sans l&rsquo;autorisation de MCA ALGAS Y DERIVADOS S.L., sont express\u00e9ment interdites. L&rsquo;UTILISATEUR s&rsquo;engage \u00e0 respecter les droits de propri\u00e9t\u00e9 intellectuelle et industrielle appartenant \u00e0 MCA ALGAS Y DERIVADOS S.L.. Vous pouvez visualiser les \u00e9l\u00e9ments du portail et m\u00eame les imprimer, les copier et les stocker sur le disque dur de votre ordinateur ou sur tout autre support physique, \u00e0 condition que ce soit uniquement et exclusivement pour votre usage personnel et priv\u00e9. L&rsquo;UTILISATEUR s&rsquo;abstiendra d&rsquo;effacer, d&rsquo;alt\u00e9rer, d&rsquo;\u00e9luder ou de manipuler tout dispositif de protection ou syst\u00e8me de s\u00e9curit\u00e9 install\u00e9 dans les pages de MCA ALGAS Y DERIVADOS S.L..<\/p>\n\n<h2 class=\"wp-block-heading\"><strong>6. EXCLUSION DES GARANTIES ET DE LA RESPONSABILIT\u00c9<\/strong><\/h2>\n\n<p>MCA ALGAS Y DERIVADOS S.L.. ne sera en aucun cas responsable des dommages de toute nature pouvant \u00eatre caus\u00e9s par, mais sans s&rsquo;y limiter : des erreurs ou des omissions dans le contenu, le manque de disponibilit\u00e9 du portail ou la transmission de virus ou de programmes malveillants ou nuisibles dans le contenu, bien qu&rsquo;ayant adopt\u00e9 toutes les mesures technologiques n\u00e9cessaires pour l&rsquo;\u00e9viter.<\/p>\n\n<h2 class=\"wp-block-heading\"><strong>7. MODIFICATIONS<\/strong><\/h2>\n\n<p>MCA ALGAS Y DERIVADOS S.L. se r\u00e9serve le droit d&rsquo;apporter les modifications qu&rsquo;elle juge opportunes \u00e0 son portail sans pr\u00e9avis, pouvant changer, supprimer ou ajouter aussi bien les contenus et services fournis \u00e0 travers le portail que la mani\u00e8re dont ils sont pr\u00e9sent\u00e9s ou localis\u00e9s sur son portail.<\/p>\n\n<h2 class=\"wp-block-heading\"><strong>8. LIENS<\/strong><\/h2>\n\n<p>Dans le cas o\u00f9 le nom de domaine contiendrait des liens ou des hyperliens vers d&rsquo;autres sites Internet, MCA ALGAS Y DERIVADOS S.L. n&rsquo;exercera aucun type de contr\u00f4le sur lesdits sites et contenus. En aucun cas, MCA ALGAS Y DERIVADOS S.L. n&rsquo;assume la responsabilit\u00e9 du contenu d&rsquo;un lien appartenant \u00e0 un site tiers, ni ne garantit la disponibilit\u00e9 technique, la qualit\u00e9, la fiabilit\u00e9, l&rsquo;exactitude, la port\u00e9e, la v\u00e9racit\u00e9, la validit\u00e9 et la constitutionnalit\u00e9 de tout mat\u00e9riel ou information contenu dans l&rsquo;un de ces hyperliens ou autres sites Internet. De m\u00eame, l&rsquo;inclusion de ces connexions externes n&rsquo;implique aucun type d&rsquo;association, de fusion ou de participation avec les entit\u00e9s connect\u00e9es.<\/p>\n\n<h2 class=\"wp-block-heading\"><strong>9. DROIT D&rsquo;EXCLUSION<\/strong><\/h2>\n\n<p>MCA ALGAS Y DERIVADOS S.L. se r\u00e9serve le droit de refuser ou de retirer l&rsquo;acc\u00e8s au portail et\/ou aux services offerts sans pr\u00e9avis, \u00e0 sa demande ou \u00e0 celle d&rsquo;un tiers, aux utilisateurs qui ne respectent pas les pr\u00e9sentes conditions g\u00e9n\u00e9rales d&rsquo;utilisation.<\/p>\n\n<h2 class=\"wp-block-heading\"><strong>10. G\u00c9N\u00c9RALIT\u00c9S<\/strong><\/h2>\n\n<p>MCA ALGAS Y DERIVADOS S.L. poursuivra toute violation de ces conditions ainsi que toute utilisation abusive de son portail en exer\u00e7ant toutes les actions civiles et p\u00e9nales qui peuvent lui correspondre par la loi.<\/p>\n\n<h2 class=\"wp-block-heading\"><strong>11. MODIFICATION DE CES CONDITIONS ET DE LA DUR\u00c9E<\/strong><\/h2>\n\n<p>MCA ALGAS Y DERIVADOS S.L. pourra modifier \u00e0 tout moment les pr\u00e9sentes conditions, \u00e9tant d\u00fbment publi\u00e9es telles qu&rsquo;elles apparaissent ici. La validit\u00e9 de ces conditions d\u00e9pend de leur exposition et reste en vigueur jusqu&rsquo;\u00e0 ce qu&rsquo;elles soient modifi\u00e9es par d&rsquo;autres conditions d\u00fbment publi\u00e9es.<\/p>\n\n<h2 class=\"wp-block-heading\"><strong>12. LOI ET JURIDICTION APPLICABLE<\/strong><\/h2>\n\n<p>La relation entre MCA ALGAS Y DERIVADOS S.L. et l&rsquo;UTILISATEUR sera r\u00e9gie par la l\u00e9gislation espagnole en vigueur et tout litige sera soumis aux Cours et Tribunaux de la ville de Madrid.<\/p>\n","protected":false},"excerpt":{"rendered":"<p>1. DONN\u00c9ES D&rsquo;IDENTIFICATION Conform\u00e9ment \u00e0 l&rsquo;obligation d&rsquo;information contenue dans l&rsquo;article 10 de la loi 34\/2002, du 11 juillet, sur les\u2026<\/p>\n","protected":false},"author":1,"featured_media":0,"parent":0,"menu_order":96,"comment_status":"closed","ping_status":"closed","template":"","meta":{"footnotes":""},"class_list":["post-422","page","type-page","status-publish","hentry"],"yoast_head":"<!-- This site is optimized with the Yoast SEO plugin v26.8 - https:\/\/yoast.com\/product\/yoast-seo-wordpress\/ -->\n<title>Avis juridique et politique de confidentialit\u00e9 &#8212; MCA Algas y Derivados<\/title>\n<meta name=\"description\" content=\"Voir notre page &quot;Avis juridique&quot;. Si vous avez des questions, veuillez nous contacter et nous vous r\u00e9pondrons dans les plus brefs d\u00e9lais.\" \/>\n<meta name=\"robots\" content=\"noindex, nofollow\" \/>\n<meta property=\"og:locale\" content=\"fr_FR\" \/>\n<meta property=\"og:type\" content=\"article\" \/>\n<meta property=\"og:title\" content=\"Avis juridique et politique de confidentialit\u00e9 &#8212; MCA Algas y Derivados\" \/>\n<meta property=\"og:description\" content=\"Voir notre page &quot;Avis juridique&quot;. Si vous avez des questions, veuillez nous contacter et nous vous r\u00e9pondrons dans les plus brefs d\u00e9lais.\" \/>\n<meta property=\"og:url\" content=\"https:\/\/mcaalgasyderivados.es\/fr\/avis-juridique-et-politique-de-confidentialite\/\" \/>\n<meta property=\"og:site_name\" content=\"MCA Algas y Derivados\" \/>\n<meta property=\"article:publisher\" content=\"https:\/\/www.facebook.com\/MCAalgasyderivados\/\" \/>\n<meta property=\"article:modified_time\" content=\"2022-03-18T11:43:34+00:00\" \/>\n<meta property=\"og:image\" content=\"https:\/\/mcaalgasyderivados.es\/wp-content\/uploads\/2022\/03\/Imagen-para-compartir-MCA-Algas-1.jpg\" \/>\n\t<meta property=\"og:image:width\" content=\"1201\" \/>\n\t<meta property=\"og:image:height\" content=\"629\" \/>\n\t<meta property=\"og:image:type\" content=\"image\/jpeg\" \/>\n<meta name=\"twitter:card\" content=\"summary_large_image\" \/>\n<meta name=\"twitter:site\" content=\"@mcasocialweb\" \/>\n<meta name=\"twitter:label1\" content=\"Dur\u00e9e de lecture estim\u00e9e\" \/>\n\t<meta name=\"twitter:data1\" content=\"7 minutes\" \/>\n<script type=\"application\/ld+json\" class=\"yoast-schema-graph\">{\"@context\":\"https:\/\/schema.org\",\"@graph\":[{\"@type\":\"WebPage\",\"@id\":\"https:\/\/mcaalgasyderivados.es\/fr\/avis-juridique-et-politique-de-confidentialite\/\",\"url\":\"https:\/\/mcaalgasyderivados.es\/fr\/avis-juridique-et-politique-de-confidentialite\/\",\"name\":\"Avis juridique et politique de confidentialit\u00e9 &#8212; MCA Algas y Derivados\",\"isPartOf\":{\"@id\":\"https:\/\/mcaalgasyderivados.es\/fr\/#website\"},\"datePublished\":\"2022-02-17T15:33:12+00:00\",\"dateModified\":\"2022-03-18T11:43:34+00:00\",\"description\":\"Voir notre page \\\"Avis juridique\\\". Si vous avez des questions, veuillez nous contacter et nous vous r\u00e9pondrons dans les plus brefs d\u00e9lais.\",\"breadcrumb\":{\"@id\":\"https:\/\/mcaalgasyderivados.es\/fr\/avis-juridique-et-politique-de-confidentialite\/#breadcrumb\"},\"inLanguage\":\"fr-FR\",\"potentialAction\":[{\"@type\":\"ReadAction\",\"target\":[\"https:\/\/mcaalgasyderivados.es\/fr\/avis-juridique-et-politique-de-confidentialite\/\"]}]},{\"@type\":\"BreadcrumbList\",\"@id\":\"https:\/\/mcaalgasyderivados.es\/fr\/avis-juridique-et-politique-de-confidentialite\/#breadcrumb\",\"itemListElement\":[{\"@type\":\"ListItem\",\"position\":1,\"name\":\"Page d'accueil\",\"item\":\"https:\/\/mcaalgasyderivados.es\/fr\/\"},{\"@type\":\"ListItem\",\"position\":2,\"name\":\"Avis juridique et politique de confidentialit\u00e9\"}]},{\"@type\":\"WebSite\",\"@id\":\"https:\/\/mcaalgasyderivados.es\/fr\/#website\",\"url\":\"https:\/\/mcaalgasyderivados.es\/fr\/\",\"name\":\"MCA Algas y Derivados\",\"description\":\"Mantiene e incrementa la fertilidad del suelo de una forma sostenible\",\"publisher\":{\"@id\":\"https:\/\/mcaalgasyderivados.es\/fr\/#organization\"},\"potentialAction\":[{\"@type\":\"SearchAction\",\"target\":{\"@type\":\"EntryPoint\",\"urlTemplate\":\"https:\/\/mcaalgasyderivados.es\/fr\/?s={search_term_string}\"},\"query-input\":{\"@type\":\"PropertyValueSpecification\",\"valueRequired\":true,\"valueName\":\"search_term_string\"}}],\"inLanguage\":\"fr-FR\"},{\"@type\":\"Organization\",\"@id\":\"https:\/\/mcaalgasyderivados.es\/fr\/#organization\",\"name\":\"MCA Algas y Derivados\",\"url\":\"https:\/\/mcaalgasyderivados.es\/fr\/\",\"logo\":{\"@type\":\"ImageObject\",\"inLanguage\":\"fr-FR\",\"@id\":\"https:\/\/mcaalgasyderivados.es\/fr\/#\/schema\/logo\/image\/\",\"url\":\"https:\/\/mcaalgasyderivados.es\/wp-content\/uploads\/2022\/03\/Imagen-para-compartir-MCA-Algas-1.jpg\",\"contentUrl\":\"https:\/\/mcaalgasyderivados.es\/wp-content\/uploads\/2022\/03\/Imagen-para-compartir-MCA-Algas-1.jpg\",\"width\":1201,\"height\":629,\"caption\":\"MCA Algas y Derivados\"},\"image\":{\"@id\":\"https:\/\/mcaalgasyderivados.es\/fr\/#\/schema\/logo\/image\/\"},\"sameAs\":[\"https:\/\/www.facebook.com\/MCAalgasyderivados\/\",\"https:\/\/x.com\/mcasocialweb\",\"https:\/\/www.instagram.com\/mcaalgasyderivados\/?hl=es\",\"https:\/\/www.linkedin.com\/company\/mca-algas-y-derivados\/\"]}]}<\/script>\n<!-- \/ Yoast SEO plugin. -->","yoast_head_json":{"title":"Avis juridique et politique de confidentialit\u00e9 &#8212; MCA Algas y Derivados","description":"Voir notre page \"Avis juridique\". Si vous avez des questions, veuillez nous contacter et nous vous r\u00e9pondrons dans les plus brefs d\u00e9lais.","robots":{"index":"noindex","follow":"nofollow"},"og_locale":"fr_FR","og_type":"article","og_title":"Avis juridique et politique de confidentialit\u00e9 &#8212; MCA Algas y Derivados","og_description":"Voir notre page \"Avis juridique\". Si vous avez des questions, veuillez nous contacter et nous vous r\u00e9pondrons dans les plus brefs d\u00e9lais.","og_url":"https:\/\/mcaalgasyderivados.es\/fr\/avis-juridique-et-politique-de-confidentialite\/","og_site_name":"MCA Algas y Derivados","article_publisher":"https:\/\/www.facebook.com\/MCAalgasyderivados\/","article_modified_time":"2022-03-18T11:43:34+00:00","og_image":[{"width":1201,"height":629,"url":"https:\/\/mcaalgasyderivados.es\/wp-content\/uploads\/2022\/03\/Imagen-para-compartir-MCA-Algas-1.jpg","type":"image\/jpeg"}],"twitter_card":"summary_large_image","twitter_site":"@mcasocialweb","twitter_misc":{"Dur\u00e9e de lecture estim\u00e9e":"7 minutes"},"schema":{"@context":"https:\/\/schema.org","@graph":[{"@type":"WebPage","@id":"https:\/\/mcaalgasyderivados.es\/fr\/avis-juridique-et-politique-de-confidentialite\/","url":"https:\/\/mcaalgasyderivados.es\/fr\/avis-juridique-et-politique-de-confidentialite\/","name":"Avis juridique et politique de confidentialit\u00e9 &#8212; MCA Algas y Derivados","isPartOf":{"@id":"https:\/\/mcaalgasyderivados.es\/fr\/#website"},"datePublished":"2022-02-17T15:33:12+00:00","dateModified":"2022-03-18T11:43:34+00:00","description":"Voir notre page \"Avis juridique\". Si vous avez des questions, veuillez nous contacter et nous vous r\u00e9pondrons dans les plus brefs d\u00e9lais.","breadcrumb":{"@id":"https:\/\/mcaalgasyderivados.es\/fr\/avis-juridique-et-politique-de-confidentialite\/#breadcrumb"},"inLanguage":"fr-FR","potentialAction":[{"@type":"ReadAction","target":["https:\/\/mcaalgasyderivados.es\/fr\/avis-juridique-et-politique-de-confidentialite\/"]}]},{"@type":"BreadcrumbList","@id":"https:\/\/mcaalgasyderivados.es\/fr\/avis-juridique-et-politique-de-confidentialite\/#breadcrumb","itemListElement":[{"@type":"ListItem","position":1,"name":"Page d'accueil","item":"https:\/\/mcaalgasyderivados.es\/fr\/"},{"@type":"ListItem","position":2,"name":"Avis juridique et politique de confidentialit\u00e9"}]},{"@type":"WebSite","@id":"https:\/\/mcaalgasyderivados.es\/fr\/#website","url":"https:\/\/mcaalgasyderivados.es\/fr\/","name":"MCA Algas y Derivados","description":"Mantiene e incrementa la fertilidad del suelo de una forma sostenible","publisher":{"@id":"https:\/\/mcaalgasyderivados.es\/fr\/#organization"},"potentialAction":[{"@type":"SearchAction","target":{"@type":"EntryPoint","urlTemplate":"https:\/\/mcaalgasyderivados.es\/fr\/?s={search_term_string}"},"query-input":{"@type":"PropertyValueSpecification","valueRequired":true,"valueName":"search_term_string"}}],"inLanguage":"fr-FR"},{"@type":"Organization","@id":"https:\/\/mcaalgasyderivados.es\/fr\/#organization","name":"MCA Algas y Derivados","url":"https:\/\/mcaalgasyderivados.es\/fr\/","logo":{"@type":"ImageObject","inLanguage":"fr-FR","@id":"https:\/\/mcaalgasyderivados.es\/fr\/#\/schema\/logo\/image\/","url":"https:\/\/mcaalgasyderivados.es\/wp-content\/uploads\/2022\/03\/Imagen-para-compartir-MCA-Algas-1.jpg","contentUrl":"https:\/\/mcaalgasyderivados.es\/wp-content\/uploads\/2022\/03\/Imagen-para-compartir-MCA-Algas-1.jpg","width":1201,"height":629,"caption":"MCA Algas y Derivados"},"image":{"@id":"https:\/\/mcaalgasyderivados.es\/fr\/#\/schema\/logo\/image\/"},"sameAs":["https:\/\/www.facebook.com\/MCAalgasyderivados\/","https:\/\/x.com\/mcasocialweb","https:\/\/www.instagram.com\/mcaalgasyderivados\/?hl=es","https:\/\/www.linkedin.com\/company\/mca-algas-y-derivados\/"]}]}},"_links":{"self":[{"href":"https:\/\/mcaalgasyderivados.es\/fr\/wp-json\/wp\/v2\/pages\/422","targetHints":{"allow":["GET"]}}],"collection":[{"href":"https:\/\/mcaalgasyderivados.es\/fr\/wp-json\/wp\/v2\/pages"}],"about":[{"href":"https:\/\/mcaalgasyderivados.es\/fr\/wp-json\/wp\/v2\/types\/page"}],"author":[{"embeddable":true,"href":"https:\/\/mcaalgasyderivados.es\/fr\/wp-json\/wp\/v2\/users\/1"}],"replies":[{"embeddable":true,"href":"https:\/\/mcaalgasyderivados.es\/fr\/wp-json\/wp\/v2\/comments?post=422"}],"version-history":[{"count":3,"href":"https:\/\/mcaalgasyderivados.es\/fr\/wp-json\/wp\/v2\/pages\/422\/revisions"}],"predecessor-version":[{"id":1019,"href":"https:\/\/mcaalgasyderivados.es\/fr\/wp-json\/wp\/v2\/pages\/422\/revisions\/1019"}],"wp:attachment":[{"href":"https:\/\/mcaalgasyderivados.es\/fr\/wp-json\/wp\/v2\/media?parent=422"}],"curies":[{"name":"wp","href":"https:\/\/api.w.org\/{rel}","templated":true}]}}