{"id":416,"date":"2022-02-17T16:29:38","date_gmt":"2022-02-17T15:29:38","guid":{"rendered":"https:\/\/mcaalgasyderivados.es\/page-daccueil\/"},"modified":"2022-02-17T16:29:38","modified_gmt":"2022-02-17T15:29:38","slug":"page-daccueil","status":"publish","type":"page","link":"https:\/\/mcaalgasyderivados.es\/fr\/","title":{"rendered":"Page d&rsquo;accueil"},"content":{"rendered":"","protected":false},"excerpt":{"rendered":"","protected":false},"author":1,"featured_media":0,"parent":0,"menu_order":1,"comment_status":"closed","ping_status":"open","template":"page-inicio.php","meta":{"footnotes":""},"class_list":["post-416","page","type-page","status-publish","hentry"],"yoast_head":"<!-- This site is optimized with the Yoast SEO plugin v26.8 - https:\/\/yoast.com\/product\/yoast-seo-wordpress\/ -->\n<title>MCA Algas y Derivados<\/title>\n<meta name=\"description\" content=\"Nous maintenons et augmentons la fertilit\u00e9 de vos sols de mani\u00e8re durable. Nous prenons soin de votre r\u00e9colte et prot\u00e9geons l&#039;environnement.\" \/>\n<meta name=\"robots\" content=\"index, follow, max-snippet:-1, max-image-preview:large, max-video-preview:-1\" \/>\n<link rel=\"canonical\" href=\"https:\/\/mcaalgasyderivados.es\/fr\/\" \/>\n<meta property=\"og:locale\" content=\"fr_FR\" \/>\n<meta property=\"og:type\" content=\"article\" \/>\n<meta property=\"og:title\" content=\"MCA Algas y Derivados\" \/>\n<meta property=\"og:description\" content=\"Nous maintenons et augmentons la fertilit\u00e9 de vos sols de mani\u00e8re durable. Nous prenons soin de votre r\u00e9colte et prot\u00e9geons l&#039;environnement.\" \/>\n<meta property=\"og:url\" content=\"https:\/\/mcaalgasyderivados.es\/fr\/\" \/>\n<meta property=\"og:site_name\" content=\"MCA Algas y Derivados\" \/>\n<meta property=\"article:publisher\" content=\"https:\/\/www.facebook.com\/MCAalgasyderivados\/\" \/>\n<meta property=\"og:image\" content=\"https:\/\/mcaalgasyderivados.es\/wp-content\/uploads\/2022\/03\/Imagen-para-compartir-MCA-Algas-1.jpg\" \/>\n\t<meta property=\"og:image:width\" content=\"1201\" \/>\n\t<meta property=\"og:image:height\" content=\"629\" \/>\n\t<meta property=\"og:image:type\" content=\"image\/jpeg\" \/>\n<meta name=\"twitter:card\" content=\"summary_large_image\" \/>\n<meta name=\"twitter:site\" content=\"@mcasocialweb\" \/>\n<script type=\"application\/ld+json\" class=\"yoast-schema-graph\">{\"@context\":\"https:\/\/schema.org\",\"@graph\":[{\"@type\":\"WebPage\",\"@id\":\"https:\/\/mcaalgasyderivados.es\/fr\/\",\"url\":\"https:\/\/mcaalgasyderivados.es\/fr\/\",\"name\":\"MCA Algas y Derivados\",\"isPartOf\":{\"@id\":\"https:\/\/mcaalgasyderivados.es\/fr\/#website\"},\"datePublished\":\"2022-02-17T15:29:38+00:00\",\"description\":\"Nous maintenons et augmentons la fertilit\u00e9 de vos sols de mani\u00e8re durable. Nous prenons soin de votre r\u00e9colte et prot\u00e9geons l'environnement.\",\"breadcrumb\":{\"@id\":\"https:\/\/mcaalgasyderivados.es\/fr\/#breadcrumb\"},\"inLanguage\":\"fr-FR\",\"potentialAction\":[{\"@type\":\"ReadAction\",\"target\":[\"https:\/\/mcaalgasyderivados.es\/fr\/\"]}]},{\"@type\":\"BreadcrumbList\",\"@id\":\"https:\/\/mcaalgasyderivados.es\/fr\/#breadcrumb\",\"itemListElement\":[{\"@type\":\"ListItem\",\"position\":1,\"name\":\"Page d'accueil\",\"item\":\"https:\/\/mcaalgasyderivados.es\/fr\/\"},{\"@type\":\"ListItem\",\"position\":2,\"name\":\"Page d&#8217;accueil\"}]},{\"@type\":\"WebSite\",\"@id\":\"https:\/\/mcaalgasyderivados.es\/fr\/#website\",\"url\":\"https:\/\/mcaalgasyderivados.es\/fr\/\",\"name\":\"MCA Algas y Derivados\",\"description\":\"Mantiene e incrementa la fertilidad del suelo de una forma sostenible\",\"publisher\":{\"@id\":\"https:\/\/mcaalgasyderivados.es\/fr\/#organization\"},\"potentialAction\":[{\"@type\":\"SearchAction\",\"target\":{\"@type\":\"EntryPoint\",\"urlTemplate\":\"https:\/\/mcaalgasyderivados.es\/fr\/?s={search_term_string}\"},\"query-input\":{\"@type\":\"PropertyValueSpecification\",\"valueRequired\":true,\"valueName\":\"search_term_string\"}}],\"inLanguage\":\"fr-FR\"},{\"@type\":\"Organization\",\"@id\":\"https:\/\/mcaalgasyderivados.es\/fr\/#organization\",\"name\":\"MCA Algas y Derivados\",\"url\":\"https:\/\/mcaalgasyderivados.es\/fr\/\",\"logo\":{\"@type\":\"ImageObject\",\"inLanguage\":\"fr-FR\",\"@id\":\"https:\/\/mcaalgasyderivados.es\/fr\/#\/schema\/logo\/image\/\",\"url\":\"https:\/\/mcaalgasyderivados.es\/wp-content\/uploads\/2022\/03\/Imagen-para-compartir-MCA-Algas-1.jpg\",\"contentUrl\":\"https:\/\/mcaalgasyderivados.es\/wp-content\/uploads\/2022\/03\/Imagen-para-compartir-MCA-Algas-1.jpg\",\"width\":1201,\"height\":629,\"caption\":\"MCA Algas y Derivados\"},\"image\":{\"@id\":\"https:\/\/mcaalgasyderivados.es\/fr\/#\/schema\/logo\/image\/\"},\"sameAs\":[\"https:\/\/www.facebook.com\/MCAalgasyderivados\/\",\"https:\/\/x.com\/mcasocialweb\",\"https:\/\/www.instagram.com\/mcaalgasyderivados\/?hl=es\",\"https:\/\/www.linkedin.com\/company\/mca-algas-y-derivados\/\"]}]}<\/script>\n<!-- \/ Yoast SEO plugin. -->","yoast_head_json":{"title":"MCA Algas y Derivados","description":"Nous maintenons et augmentons la fertilit\u00e9 de vos sols de mani\u00e8re durable. Nous prenons soin de votre r\u00e9colte et prot\u00e9geons l'environnement.","robots":{"index":"index","follow":"follow","max-snippet":"max-snippet:-1","max-image-preview":"max-image-preview:large","max-video-preview":"max-video-preview:-1"},"canonical":"https:\/\/mcaalgasyderivados.es\/fr\/","og_locale":"fr_FR","og_type":"article","og_title":"MCA Algas y Derivados","og_description":"Nous maintenons et augmentons la fertilit\u00e9 de vos sols de mani\u00e8re durable. Nous prenons soin de votre r\u00e9colte et prot\u00e9geons l'environnement.","og_url":"https:\/\/mcaalgasyderivados.es\/fr\/","og_site_name":"MCA Algas y Derivados","article_publisher":"https:\/\/www.facebook.com\/MCAalgasyderivados\/","og_image":[{"width":1201,"height":629,"url":"https:\/\/mcaalgasyderivados.es\/wp-content\/uploads\/2022\/03\/Imagen-para-compartir-MCA-Algas-1.jpg","type":"image\/jpeg"}],"twitter_card":"summary_large_image","twitter_site":"@mcasocialweb","schema":{"@context":"https:\/\/schema.org","@graph":[{"@type":"WebPage","@id":"https:\/\/mcaalgasyderivados.es\/fr\/","url":"https:\/\/mcaalgasyderivados.es\/fr\/","name":"MCA Algas y Derivados","isPartOf":{"@id":"https:\/\/mcaalgasyderivados.es\/fr\/#website"},"datePublished":"2022-02-17T15:29:38+00:00","description":"Nous maintenons et augmentons la fertilit\u00e9 de vos sols de mani\u00e8re durable. Nous prenons soin de votre r\u00e9colte et prot\u00e9geons l'environnement.","breadcrumb":{"@id":"https:\/\/mcaalgasyderivados.es\/fr\/#breadcrumb"},"inLanguage":"fr-FR","potentialAction":[{"@type":"ReadAction","target":["https:\/\/mcaalgasyderivados.es\/fr\/"]}]},{"@type":"BreadcrumbList","@id":"https:\/\/mcaalgasyderivados.es\/fr\/#breadcrumb","itemListElement":[{"@type":"ListItem","position":1,"name":"Page d'accueil","item":"https:\/\/mcaalgasyderivados.es\/fr\/"},{"@type":"ListItem","position":2,"name":"Page d&#8217;accueil"}]},{"@type":"WebSite","@id":"https:\/\/mcaalgasyderivados.es\/fr\/#website","url":"https:\/\/mcaalgasyderivados.es\/fr\/","name":"MCA Algas y Derivados","description":"Mantiene e incrementa la fertilidad del suelo de una forma sostenible","publisher":{"@id":"https:\/\/mcaalgasyderivados.es\/fr\/#organization"},"potentialAction":[{"@type":"SearchAction","target":{"@type":"EntryPoint","urlTemplate":"https:\/\/mcaalgasyderivados.es\/fr\/?s={search_term_string}"},"query-input":{"@type":"PropertyValueSpecification","valueRequired":true,"valueName":"search_term_string"}}],"inLanguage":"fr-FR"},{"@type":"Organization","@id":"https:\/\/mcaalgasyderivados.es\/fr\/#organization","name":"MCA Algas y Derivados","url":"https:\/\/mcaalgasyderivados.es\/fr\/","logo":{"@type":"ImageObject","inLanguage":"fr-FR","@id":"https:\/\/mcaalgasyderivados.es\/fr\/#\/schema\/logo\/image\/","url":"https:\/\/mcaalgasyderivados.es\/wp-content\/uploads\/2022\/03\/Imagen-para-compartir-MCA-Algas-1.jpg","contentUrl":"https:\/\/mcaalgasyderivados.es\/wp-content\/uploads\/2022\/03\/Imagen-para-compartir-MCA-Algas-1.jpg","width":1201,"height":629,"caption":"MCA Algas y Derivados"},"image":{"@id":"https:\/\/mcaalgasyderivados.es\/fr\/#\/schema\/logo\/image\/"},"sameAs":["https:\/\/www.facebook.com\/MCAalgasyderivados\/","https:\/\/x.com\/mcasocialweb","https:\/\/www.instagram.com\/mcaalgasyderivados\/?hl=es","https:\/\/www.linkedin.com\/company\/mca-algas-y-derivados\/"]}]}},"_links":{"self":[{"href":"https:\/\/mcaalgasyderivados.es\/fr\/wp-json\/wp\/v2\/pages\/416","targetHints":{"allow":["GET"]}}],"collection":[{"href":"https:\/\/mcaalgasyderivados.es\/fr\/wp-json\/wp\/v2\/pages"}],"about":[{"href":"https:\/\/mcaalgasyderivados.es\/fr\/wp-json\/wp\/v2\/types\/page"}],"author":[{"embeddable":true,"href":"https:\/\/mcaalgasyderivados.es\/fr\/wp-json\/wp\/v2\/users\/1"}],"replies":[{"embeddable":true,"href":"https:\/\/mcaalgasyderivados.es\/fr\/wp-json\/wp\/v2\/comments?post=416"}],"version-history":[{"count":0,"href":"https:\/\/mcaalgasyderivados.es\/fr\/wp-json\/wp\/v2\/pages\/416\/revisions"}],"wp:attachment":[{"href":"https:\/\/mcaalgasyderivados.es\/fr\/wp-json\/wp\/v2\/media?parent=416"}],"curies":[{"name":"wp","href":"https:\/\/api.w.org\/{rel}","templated":true}]}}